{"id":57800,"date":"2021-04-14T13:58:38","date_gmt":"2021-04-14T13:58:38","guid":{"rendered":"https:\/\/art-pix.com\/terms-conditions\/"},"modified":"2021-06-30T16:58:44","modified_gmt":"2021-06-30T16:58:44","slug":"agb","status":"publish","type":"page","link":"https:\/\/art-pix.com\/de\/agb\/","title":{"rendered":"AGB"},"content":{"rendered":"<div class=\"wpb-content-wrapper\"><p>[vc_row][vc_column width=&#8220;1\/6&#8243;][\/vc_column][vc_column width=&#8220;4\/6&#8243;]<div id=\"ultimate-heading-29916a071d70ba768\" class=\"uvc-heading ult-adjust-bottom-margin ultimate-heading-29916a071d70ba768 uvc-2005 \" data-hspacer=\"no_spacer\"  data-halign=\"center\" style=\"text-align:center\"><div class=\"uvc-heading-spacer no_spacer\" style=\"top\"><\/div><div class=\"uvc-main-heading ult-responsive\"  data-ultimate-target='.uvc-heading.ultimate-heading-29916a071d70ba768 h2'  data-responsive-json-new='{\"font-size\":\"desktop:28px;\",\"line-height\":\"\"}' ><h2 style=\"font-family:&#039;Roboto&#039;;font-weight:500;color:#6f6f6f;\">ALLGEMEINE GESCH\u00c4FTSBEDINGUNGEN<\/h2><\/div><\/div><div id=\"ultimate-heading-59346a071d70ba7f1\" class=\"uvc-heading ult-adjust-bottom-margin ultimate-heading-59346a071d70ba7f1 uvc-1490 \" data-hspacer=\"no_spacer\"  data-halign=\"left\" style=\"text-align:left\"><div class=\"uvc-heading-spacer no_spacer\" style=\"top\"><\/div><div class=\"uvc-sub-heading ult-responsive\"  data-ultimate-target='.uvc-heading.ultimate-heading-59346a071d70ba7f1 .uvc-sub-heading '  data-responsive-json-new='{\"font-size\":\"desktop:15px;\",\"line-height\":\"desktop:26px;\"}'  style=\"font-weight:normal;color:#333333;margin-bottom:30px;\"><\/p>\n<h4 class=\"p1\">art-pix<\/h4>\n<p class=\"p1\">Stand 01\/2020<\/p>\n<p class=\"p1\">Allgemeine Liefer- und Gesch\u00e4ftsbedingungen<\/p>\n<p class=\"p1\">\u00a0 \u00a0\u00a0Allgemeines<\/p>\n<p class=\"p1\">Die nachfolgenden Liefer- und Gesch\u00e4ftsbedingungen (im folgenden AGB genannt) gelten f\u00fcr alle von Art-pix durchgef\u00fchrten Auftr\u00e4ge, Angebote, Lieferungen und Leistungen.<\/p>\n<p class=\"p1\">Sie gelten als vereinbart mit Entgegennahme der Lieferung oder Leistung bzw. des Angebotes von Art-pix durch den Kunden, sp\u00e4testens jedoch mit der Annahme des Bildmaterials zur Ver\u00f6ffentlichung.<\/p>\n<p class=\"p1\">Wenn der Kunde den AGB widersprechen will, ist dieses schriftlich binnen drei Werktagen zu erkl\u00e4ren. Abweichenden Gesch\u00e4ftsbedingungen des Kunden wird hiermit ausdr\u00fccklich widersprochen.<\/p>\n<p class=\"p1\">Abweichende Gesch\u00e4ftsbedingungen des Kunden erlangen keine G\u00fcltigkeit, es sei denn, da\u00df Art-pix diese schriftlich anerkennt. Die AGB gelten im Rahmen einer laufenden Gesch\u00e4ftsbeziehung auch ohne ausdr\u00fcckliche Einbeziehung auch f\u00fcr alle zuk\u00fcnftigen Auftr\u00e4ge, Angebote, Lieferungen und Leistungen von Art-pix.<\/p>\n<p class=\"p1\">\u00a0 \u00a0\u00a0Auftragsannahme<\/p>\n<p class=\"p1\">Alle Auftr\u00e4ge werden nur zu den AGB angenommen und ausgef\u00fchrt.<\/p>\n<p class=\"p1\">Der Kunde erkennt diese mit der Auftragserteilung an.<\/p>\n<p class=\"p1\">\u00a0 \u00a0\u00a0\u00dcberlassenes Bildmaterial<\/p>\n<p class=\"p1\">Die AGB gelten f\u00fcr jegliches dem Kunden \u00fcberlassenes Bildmaterial, gleich in welcher Schaffensstufe oder in welcher technischen Form sie vorliegen. Sie gelten insbesondere auch f\u00fcr elektronisches oder digital \u00fcbermitteltes Bildmaterial.<\/p>\n<p class=\"p1\">Der Kunde erkennt an, da\u00df es sich bei dem von Art-pix gelieferten Bildmaterial um Lichtbildwerke i.S.v.\u00a7 2 Abs.1 Ziff.5 UrhRG handelt.<\/p>\n<p class=\"p1\">Vom Kunden in Auftrag gegebene Gestaltungsvorschl\u00e4ge oder Konzeptionen sind eigenst\u00e4ndige Leistungen, die zu verg\u00fcten sind.<\/p>\n<p class=\"p1\">Der Kunde hat das Bildmaterial sorgf\u00e4ltig und pfleglich zu behandeln und darf es an Dritte nur zu gesch\u00e4ftsinternen Zwecken der Sichtung, Auswahl und technischen Verarbeitung weitergeben.<\/p>\n<p class=\"p1\">Reklamationen, die den Inhalt der gelieferten Sendung oder Inhalt, Qualit\u00e4t oder Zustand des Bildmaterials betreffen, sind innerhalb von 48 Stunden nach Empfang mitzuteilen. Anderenfalls gilt das Bildmaterial als ordnungsgem\u00e4\u00df, vertragsgem\u00e4\u00df und wie verzeichnet zugegangen.<\/p>\n<p class=\"p1\">\u00a0 \u00a0\u00a0Nutzungsrechte<\/p>\n<p class=\"p1\">Der Kunde erwirbt grunds\u00e4tzlich nur einfaches Nutzungsrecht zur einmaligen Verwendung.<\/p>\n<p class=\"p1\">Ausschlie\u00dfliche Nutzungsrechte, medienbezogene oder r\u00e4umliche Exclusivrechte oder Sperrfristen m\u00fcssen gesondert vereinbart werden und bedingen einen Aufschlag von mindestens 100 % auf das jeweilige Grundhonorar.<\/p>\n<p class=\"p1\">Mit der Lieferung wird lediglich das Nutzungsrecht \u00fcbertragen f\u00fcr die einmalige Nutzung des Bildmaterials zu dem vom Kunden angegebenen Zweck und in der Publikation und in dem Medium oder Datentr\u00e4ger, welche\/-s\/-n der Kunde angegeben hat oder welche\/-s\/-r sich aus den Umst\u00e4nden der Auftragserteilung ergibt. Im Zweifelsfall ist ma\u00dfgeblich das Objekt (Zeitung, Zeitschrift usw.), f\u00fcr das das Bildmaterial ausweislich des Lieferscheines oder der Versandadresse zur Verf\u00fcgung gestellt worden ist.<\/p>\n<p class=\"p1\">Jede \u00fcber Ziffer 4. hinausgehende Nutzung, Verwertung, Vervielf\u00e4ltigung, Verbreitung oder Ver\u00f6ffentlichung ist honorarpflichtig und bedarf der vorherigen ausdr\u00fccklichen Zustimmung von Art-pix.<\/p>\n<p class=\"p1\">\u00a0 \u00a0 Das gilt insbesondere f\u00fcr:<\/p>\n<p class=\"p1\">eine Zweitverwertung oder Zweitver\u00f6ffentlichung, insbesondere in Sammelb\u00e4nden, produktbegleitenden Prospekten, bei Werbema\u00dfnahmen oder bei sonstigen Nachdrucken, jegliche Bearbeitung, \u00c4nderung oder Umgestaltung des Bildmaterials, die Digitalisierung, Speicherung oder Duplizierung des Bildmaterials auf Datentr\u00e4gern aller Art (z. B. magnetische, optische, magnetooptische oder elektronische Tr\u00e4germedien wie DVD, CD-ROM, CDi, Disketten, Festplatten, Arbeitsspeicher, Mikrofilm etc.), soweit dieses nicht nur der technischen Verarbeitung des Bildmaterials gem. Ziff. III 3. AGB dient, jegliche Vervielf\u00e4ltigung oder Nutzung der Bilddaten auf DVD, CD-ROM, CDi, Disketten oder \u00e4hnlichen Datentr\u00e4gern, jegliche Aufnahme oder Wiedergabe der Bilddaten im Internet oder in Online-Datenbanken oder in anderen elektronischen Archiven (auch soweit es sich um interne elektronische Archive des Kunden handelt), die Weitergabe des digitalisierten Bildmaterials im Wege der Datenfern\u00fcbertragung oder auf Datentr\u00e4gern, die zur \u00f6ffentlichen Wiedergabe auf Bildschirmen oder zur Herstellung von Hardcopies geeigent sind.<\/p>\n<p class=\"p1\">Ver\u00e4nderungen des Bildmaterials durch Foto-Composing, Montage oder durch elektronische Hilfsmittel zur Erstellung eines neuen urheberrechtlich gesch\u00fctzten Werkes sind nur nach vorheriger schriftlicher Zustimmung von Art-pix und nur bei Kennzeichnung mit [M] gestattet. Auch darf das Bildmaterial nicht abgezeichnet, nachgestellt fotografiert oder anderweitig als Motiv benutzt werden.<\/p>\n<p class=\"p1\">Der Kunde ist nicht berechtigt, die ihm einger\u00e4umten Nutzungsrechte ganz oder teilweise auf Dritte, auch nicht auf andere Konzern- oder Tochterunternehmen, zu \u00fcbertragen.<\/p>\n<p class=\"p1\">Jegliche Nutzung, Wiedergabe oder Weitergabe des Bildmaterials ist nur gestattet, unter der Voraussetzung der Anbringung des von Art-pix vorgegebenen Urhebervermerks.<\/p>\n<p class=\"p1\">Ohne ausdr\u00fcckliche Genehmigung d\u00fcrfen weder die gesamte Website noch Teile davon kopiert, gespeichert, vertrieben, \u00fcbermittelt, \u00fcbertragen oder anders verwertet werden. Dazu z\u00e4hlen unter anderem Screenshots, Filmaufnahmen, Quelltextspeicherungen, Quelltextausz\u00fcge.<\/p>\n<p class=\"p1\">\u00a0 \u00a0\u00a0Urheberrechte<\/p>\n<p class=\"p1\">F\u00fcr die Inhalte der \u00fcbertragenen Bilddaten zeigt sich der Kunde verantwortlich. Bei allen uns \u00fcbertragenen Arbeiten wird das Urheberrecht des Kunden vorausgesetzt. Aus einer etwaigen Urheberrechtsverletzung entstehende Folgen tr\u00e4gt allein der Kunde.<\/p>\n<p class=\"p1\">Der Kunde verpflichtet sich eventuelle Urheberrechte Dritter zu beachten. Er wird Art-pix von allen Anspr\u00fcchen freihalten, die Dritte wegen eines Versto\u00dfes gegen Bestimmungen des Urheberrechtes durch den Kunden gegen\u00fcber Art-pix erheben.<\/p>\n<p class=\"p1\">\u00a0 \u00a0\u00a0Haftung<\/p>\n<p class=\"p1\">Bei Besch\u00e4digung oder Verlust der Dateien auf kundeneigenen oder unseren Datentr\u00e4gern sowie auf den elektronischen Daten\u00fcbertragungswegen und Netzwerken wird ausdr\u00fccklich keine Haftung \u00fcbernommen. F\u00fcr Besch\u00e4digung oder Verlust von jeglichen uns zur Verf\u00fcgung gestellten Filmen, Negativen, Dia, Fotos oder sonstigen Gegenst\u00e4nden oder Vorlagen wird ebenfalls ausdr\u00fccklich keine Haftung \u00fcbernommen.<\/p>\n<p class=\"p1\">In jedem Fall ist die Haftung bzw. Gew\u00e4hrleistung beschr\u00e4nkt auf den reinen Materialwert der Vorlagen bzw. des uns \u00fcberlassenen Materials.<\/p>\n<p class=\"p1\">\u00a0 \u00a0\u00a0Leistungseinschr\u00e4nkungen und -st\u00f6rungen<\/p>\n<p class=\"p1\">Zeitweilige St\u00f6rungen der angebotenen Leistungen k\u00f6nnen sich insbesondere aus Gr\u00fcnden h\u00f6herer Gewalt, einschlie\u00dflich Streik, Aussperrung und beh\u00f6rdlichen Anordnungen sowie technischer \u00c4nderungen und Ausf\u00e4llen der Einrichtung oder Anlagen von Art-pix oder deren Versorgern ergeben. Art-pix wird in jedem Fall alle m\u00f6glichen Ma\u00dfnahmen treffen, um die St\u00f6rungen zu beseitigen und alle zumutbaren Anstrengungen unternehmen, um derartige St\u00f6rungen baldm\u00f6glichst zu beseitigen, bzw. auf Beseitigung hinzu-wirken. Hat Art-pix die jeweilige St\u00f6rung zu verantworten und dauert diese l\u00e4nger als 24 Stunden an, so ist der Kunde zur anteiligen Minderung des Basispreises berechtigt. Weitergehende Rechte, insbesondere Schadenersatz sind in dem in Ziffer 6 genannten Umfang ausgeschlossen.<\/p>\n<p class=\"p1\">\u00a0 \u00a0\u00a0Honorare<\/p>\n<p class=\"p1\">Es gilt das vereinbarte Honorar. Ist kein Honorar vereinbart worden, bestimmt es sich nach der jeweils aktuellen Bildhonorar\u00fcbersicht der Mittelstandsgemeinschaft Foto-Marketing (MFM). Das Honorar versteht sich zuz\u00fcglich der jeweils g\u00fcltigen Mehrwertsteuer.<\/p>\n<p class=\"p1\">Ausfallhonorar wird auf Basis der aktuellen Bildhonorar\u00fcbersicht der Mittelstands-gemeinschaft Foto-Marketing (MFM) berechnet.<\/p>\n<p class=\"p1\">Durch eine vom Auftraggeber stornierten Auftrag anfallende Kosten und Auslagen werden vom Auftraggeber getragen (z. B. Material- und Laborkosten, Modell-honorare, Kosten f\u00fcr erforderliche Requisiten, Reisekosten, erforderliche Spesen etc.).<\/p>\n<p class=\"p1\">Das Honorar gilt nur f\u00fcr die einmalige Nutzung des Bildmaterials zu dem vereinbarten Zweck gem\u00e4\u00df Ziff. III 3. oder 2. AGB. Soll das Honorar auch f\u00fcr eine weitergehende Nutzung bestimmt sein, ist dieses schriftlich zu vereinbaren.<\/p>\n<p class=\"p1\">Durch den Auftrag anfallende Kosten und Auslagen (z. B. Material- und Laborkosten, Modellhonorare, Kosten f\u00fcr erforderliche Requisiten, Reisekosten, erforderliche Spesen etc.) sind nicht im Honorar enthalten und gehen zu Lasten des Kunden. Das Honorar gem\u00e4\u00df IV. 1. AGB ist auch dann in voller H\u00f6he zu zahlen, wenn das in Auftrag gegebene und gelieferte Bildmaterial nicht ver\u00f6ffentlich wird. Bei Verwendung der Aufnahmen als Arbeitsvorlage f\u00fcr Layout- und Pr\u00e4sentations-zwecke f\u00e4llt vorbehaltlich einer abweichenden Vereinbarung ein Honorar von mindestens 76,70 EURO pro Aufnahme an.<\/p>\n<p class=\"p1\">Das Honorar ist sp\u00e4testens binnen 3 Wochen nach Rechnungsstellung zu zahlen, soweit in der Rechnung keine k\u00fcrzere Zahlungsfrist angegeben ist. Nach einer Mahnung kommt der Kunde in Verzug. Nach Eintritt des Verzugs ist das Honorar mit 10 % p. a. zu verzinsen. Eine Aufrechnung oder die Aus\u00fcbung des Zur\u00fcckbe-haltungsrechts ist nur gegen\u00fcber unbestrittenen oder rechtskr\u00e4ftig festgestellten Forderungen des Kunden zul\u00e4ssig.<\/p>\n<p class=\"p1\">\u00a0 \u00a0\u00a0R\u00fcckgabe des Bildmaterials<\/p>\n<p class=\"p1\">Das Bildmaterial ist in der gelieferten Form unverz\u00fcglich nach der Ver\u00f6ffentlichung oder vereinbarten Nutzung, sp\u00e4testens jedoch 3 Monate nach dem Lieferdatum, unaufgefordert zur\u00fcckzusenden; beizuf\u00fcgen sind zwei Belegexemplare. Eine Verl\u00e4ngerung der 3-Monatsfrist bedarf der schriftlichen Genehmigung von Art-pix.<\/p>\n<p class=\"p1\">\u00dcberl\u00e4\u00dft Art-pix auf Anforderung des Kunden oder mit dessen Einverst\u00e4ndnis Bildmaterial lediglich zum Zwecke der Pr\u00fcfung, ob eine Nutzung oder Ver\u00f6ffentlichung in Betracht kommt, hat der Kunde das Bildmaterial sp\u00e4testens innerhalb eines Monats nach Erhalt zur\u00fcckzugeben, sofern auf dem Lieferschein keine andere First vermerkt ist. Eine Verl\u00e4ngerung dieser First ist nur wirksam, wenn sie von Art-pix schriftlich best\u00e4tigt worden ist.<\/p>\n<p class=\"p1\">Die R\u00fccksendung des Bildmaterials erfolgt durch den Kunden auf dessen Kosten in branchen\u00fcblicher Verpackung. Der Kunde tr\u00e4gt das Risiko des Verlusts oder der Besch\u00e4digung w\u00e4hrend des Transports bis zum Eingang bei Art-pix.<\/p>\n<p class=\"p1\">\u00a0 \u00a0\u00a0Lieferzeit<\/p>\n<p class=\"p1\">Alle Auftr\u00e4ge werden m\u00f6glichst kurzfristig ausgef\u00fchrt. Geringf\u00fcgige Lieferverz\u00f6gerungen berechtigen nicht zur Annahmeverweigerung oder zum Schadenersatz. F\u00fcr Lieferverz\u00f6gerungen durch den Versandweg \u00fcbernehmen wir keine Haftung.<\/p>\n<p class=\"p1\">\u00a0 \u00a0\u00a0Versand<\/p>\n<p class=\"p1\">Der Versand erfolgt per e-Mail, durch Post oder von uns beauftragte Kurier-dienste. Die Kosten werden nach unserer jeweils g\u00fcltigen Preisliste oder auf Vereinbarung berechnet.<\/p>\n<p class=\"p1\">\u00a0 \u00a0\u00a0Gew\u00e4hrleistung<\/p>\n<p class=\"p1\">M\u00e4ngelr\u00fcgen m\u00fcssen, soweit sie offensichtliche M\u00e4ngel betreffen, sp\u00e4testens innerhalb von 14 Tagen nach Erhalt der in Auftrag gegebenen Arbeiten vom Kunden geltend gemacht werden. Als berechtigte M\u00e4ngel gelten nur technische Unzul\u00e4nglichkeiten die nach dem bisherigen Stand der Technik vermeidbar gewesen w\u00e4ren, nicht jedoch geschmackliche Gesichtspunkte wie zum Beispiel Farbverschiebungen. Bei nicht erkennbaren M\u00e4ngeln gilt die gesetzliche Verj\u00e4hrungsfrist von sechs Monaten. Bei berechtigten Beanstandungen besteht nur Anspruch auf Nachbesserung oder Ersatzlieferung nach unserer Wahl.<\/p>\n<p class=\"p1\">\u00a0 \u00a0\u00a0Reklamationen<\/p>\n<p class=\"p1\">F\u00fcr Reklamationen gelten die gleichen Bestimmungen wie unter dem Punkt Ge-w\u00e4hrleistung. Es wird ausdr\u00fccklich keine Gew\u00e4hr f\u00fcr \u00fcbereinstimmende Farben der Bilder mit den Original-Dateien gew\u00e4hrleistet. Farbliche Differenzen werden als Reklamation nicht anerkannt. Weiterhin werden keine Reklamationen anerkannt, die durch eine mangelhafte Qualit\u00e4t (z. B. Aufl\u00f6sung) der Original-Bilddateien hervorgerufen werden.<\/p>\n<p class=\"p1\">\u00a0 \u00a0\u00a0Vertragsstrafe, Blockierung, Schadenersatz<\/p>\n<p class=\"p1\">Bei jeglicher unberechtigten (ohne Zustimmung von Art-pix erfolgten) Nutzung, Verwendung, Wiedergabe oder Weitergabe des Bildmaterials ist f\u00fcr jeden Einzelfall eine Vertragsstrafe in H\u00f6he des f\u00fcnffachen Nutzungshonorars zu zahlen, vorbehaltlich, weitergehender Schadenersatzanspr\u00fcche.<\/p>\n<p class=\"p1\">Bei unterlassenem, unvollst\u00e4ndigem, falsch platziertem oder nicht zuordnungsf\u00e4higem Urhebervermerk ist eine Aufschlag in H\u00f6he von 100 % des Nutzungshonorars zu zahlen. Bei nicht rechtzeitiger R\u00fcckgabe des Bildmaterial (Blockierung) ist f\u00fcr die Zeit nach Ablauf der in Ziff. V. 1. oder 2. gesetzten Fristen eine Vertragsstrafe zu zahlen in H\u00f6he von EURO 0,30 pro Tag und Bild f\u00fcr s\/w- oder Color-Abz\u00fcge oder Dia. Duplikate EURO 1,02 pro Tag und Bild f\u00fcr Dias, Negative oder andere Unikate.<\/p>\n<p class=\"p1\">F\u00fcr besch\u00e4digtes, zerst\u00f6rtes oder abhanden gekommenes Bildmaterial ist Schadenersatz zu leisten, ohne da\u00df der Fotograf die H\u00f6he des Schadens nachzuweisen hat in H\u00f6he von EURO 40,00 pro s\/w- oder Colorabzug oder KB-Dia-Dublikat EURO 127,80 pro Mittel- oder Gro\u00dfformat-Dia-Duplikat EURO 767,00 pro Dia-Original, Negativ oder anderem Unikat EURO 1230,00 pro nicht wiederholbarem Dia, Negativ oder anderem Unikat.<\/p>\n<p class=\"p1\">Bei Besch\u00e4digungen sind die S\u00e4tze entsprechend dem Grad der Besch\u00e4digung und dem Umfang der weiteren Nutzungsm\u00f6glichkeit herabzusetzen. Grunds\u00e4tzlich bleibt beiden Vertragsparteien der Nachweis vorbehalten, da\u00df ein h\u00f6herer bzw. geringerer Schaden eingetreten ist.<\/p>\n<p class=\"p1\">Bei fehlenden Belegexemplar oder bei Abrechnung ohne Belegexemplar oder bei Abrechnung ohne Angabe, welches Bild an welcher Stelle in welcher Publikation verwendet worden ist, ist eine Vertragsstrafe in H\u00f6he von 50 % des Nutzungshonorars zu zahlen.<\/p>\n<p class=\"p1\">Durch diese Zahlung gem\u00e4\u00df Ziffer VI. werden keinerlei Nutzungsrechte begr\u00fcndet. Es gilt das Recht der Bundesrepublik Deutschland als vereinbart, und zwar auch bei Lieferungen ins Ausland.<\/p>\n<p class=\"p1\">Nebenabreden zum Vertrag oder zu diesen AGB bed\u00fcrfen zu ihrer Wirksamkeit der Schriftform.<\/p>\n<p class=\"p1\">Die etwaige Nichtigkeit bzw. Unwirksamkeit einer oder mehrerer Bestimmungen dieser AGB ber\u00fchrt nicht die Wirksamkeit der \u00fcbrigen Bestimmungen. Die Parteien verpflichten sich, die ung\u00fcltige Bestimmung durch eine sinnentsprechende wirksame Bestimmung zu ersetzen, die der angestrebten Regelung wirtschaftlich und juristisch am n\u00e4chsten kommt.<\/p>\n<p class=\"p1\">Sollten einzelne Passagen der AGB nach geltendem Recht ung\u00fcltig sein, behalten alle anderen Passagen ihre G\u00fcltigkeit.<\/p>\n<p class=\"p1\">Erf\u00fcllungsort und Gerichtsstand ist, wenn der Kunde Vollkaufmann ist, der Sitz der Art-pix..<\/p>\n<p class=\"p1\">Allgemeine Liefer- und Gesch\u00e4ftsbedingungen<\/p>\n<p class=\"p1\">f\u00fcr elektronische Bilddaten (Digital-AGBs)<\/p>\n<p class=\"p1\">der Art-pix<\/p>\n<p class=\"p1\">Aufgrund der neuen Digitaltechnik treten diese Digital-AGBs neben unseren bisherigen AGBs. Sie gelten f\u00fcr die zurzeitigen digitalen Medien u. a.<\/p>\n<p class=\"p1\">\u00a0 \u00a0 CD ROM<\/p>\n<p class=\"p1\">\u00a0 \u00a0 Bild\u00fcbertragung via ISDN<\/p>\n<p class=\"p1\">\u00a0 \u00a0 Online-Bilddatenbank (Client\/Internet)<\/p>\n<p class=\"p1\">\u00a0 \u00a0\u00a0Allgemeines<\/p>\n<p class=\"p1\">Diese Digital-AGBs erg\u00e4nzen, f\u00fcr die elektronische \u00dcbermittlung von Bilddaten, die bisherigen ABGs der Art-pix. Diese werden durch unsere Kunden durch autorisierte Unterschrift anerkannt unter Ausschlu\u00df unter Um-st\u00e4nden entgegenlautenden AGBs der Kunden.<\/p>\n<p class=\"p1\">Bilddaten bedeutet: Alle elektronischen Daten mit Bildinformationen auf allen Datentr\u00e4gern, die durch technische Verfahren, wie zur Zeit durch DSL oder andere, \u00fcbermittelt und\/oder in Online und in Offline Datenbanken abgelegt werden.<\/p>\n<p class=\"p1\">Die hier zugrunde liegenden Nutzungsbestimmungen und Vereinbarungen umfassen auch alle Ver\u00e4nderungen der Bilddaten, wie Composings, Ausschnitte, Verfremdungen usw.<\/p>\n<p class=\"p1\">\u00a0 \u00a0\u00a0Nutzung<\/p>\n<p class=\"p1\">Alle Bilddaten von Art-pix sind von uns mit Bild-Nummern versehen. Der Kunde verpflichtet sich stets sicherzustellen, da\u00df diese Kennung immer bei den Bilddaten bleibt.<\/p>\n<p class=\"p1\">Art-pix beh\u00e4lt sich vor, bei Bilddaten erlaubte Verwendungen einzuschr\u00e4nken, auch nach dem Empfang bei dem Kunden.<\/p>\n<p class=\"p1\">Erf\u00fcllungsort und Gerichtsstand ist, soweit gesetzlich zul\u00e4ssig, der Gesch\u00e4ftssitz der art-pix. Es gilt das Recht der Bundesrepublik Deutschland. Auch bei im Ausland erbrachten T\u00e4tigkeiten gilt deutsches Recht als vereinbart. Die Bestimmungen des UN-Kaufrechts, Wiener\u00fcbereinkommen \u00fcber Vertr\u00e4ge \u00fcber den internationalen Warenverkauf vom 11. April 1980 CISG, finden keine Anwendung.<\/p>\n<p><\/div><\/div>[\/vc_column][vc_column width=&#8220;1\/6&#8243;][\/vc_column][\/vc_row]<\/p>\n<\/div>","protected":false},"excerpt":{"rendered":"<p>[vc_row][vc_column width=&#8220;1\/6&#8243;][\/vc_column][vc_column width=&#8220;4\/6&#8243;][\/vc_column][vc_column width=&#8220;1\/6&#8243;][\/vc_column][\/vc_row]<\/p>\n","protected":false},"author":1,"featured_media":0,"parent":0,"menu_order":70,"comment_status":"closed","ping_status":"closed","template":"","meta":{"footnotes":""},"class_list":["post-57800","page","type-page","status-publish","hentry","description-off"],"yoast_head":"<!-- This site is optimized with the Yoast SEO plugin v27.0 - https:\/\/yoast.com\/product\/yoast-seo-wordpress\/ -->\n<title>AGB - Art Pix<\/title>\n<meta name=\"robots\" content=\"index, follow, max-snippet:-1, max-image-preview:large, max-video-preview:-1\" \/>\n<link rel=\"canonical\" href=\"https:\/\/art-pix.com\/de\/agb\/\" \/>\n<meta property=\"og:locale\" content=\"de_DE\" \/>\n<meta property=\"og:type\" content=\"article\" \/>\n<meta property=\"og:title\" content=\"AGB - Art Pix\" \/>\n<meta property=\"og:description\" content=\"[vc_row][vc_column width=&#8220;1\/6&#8243;][\/vc_column][vc_column width=&#8220;4\/6&#8243;][\/vc_column][vc_column width=&#8220;1\/6&#8243;][\/vc_column][\/vc_row]\" \/>\n<meta property=\"og:url\" content=\"https:\/\/art-pix.com\/de\/agb\/\" \/>\n<meta property=\"og:site_name\" content=\"Art Pix\" \/>\n<meta property=\"article:modified_time\" content=\"2021-06-30T16:58:44+00:00\" \/>\n<meta name=\"twitter:card\" content=\"summary_large_image\" \/>\n<meta name=\"twitter:label1\" content=\"Gesch\u00e4tzte Lesezeit\" \/>\n\t<meta name=\"twitter:data1\" content=\"12\u00a0Minuten\" \/>\n<script type=\"application\/ld+json\" class=\"yoast-schema-graph\">{\"@context\":\"https:\/\/schema.org\",\"@graph\":[{\"@type\":\"WebPage\",\"@id\":\"https:\/\/art-pix.com\/de\/agb\/\",\"url\":\"https:\/\/art-pix.com\/de\/agb\/\",\"name\":\"AGB - Art Pix\",\"isPartOf\":{\"@id\":\"https:\/\/art-pix.com\/de\/#website\"},\"datePublished\":\"2021-04-14T13:58:38+00:00\",\"dateModified\":\"2021-06-30T16:58:44+00:00\",\"breadcrumb\":{\"@id\":\"https:\/\/art-pix.com\/de\/agb\/#breadcrumb\"},\"inLanguage\":\"de\",\"potentialAction\":[{\"@type\":\"ReadAction\",\"target\":[\"https:\/\/art-pix.com\/de\/agb\/\"]}]},{\"@type\":\"BreadcrumbList\",\"@id\":\"https:\/\/art-pix.com\/de\/agb\/#breadcrumb\",\"itemListElement\":[{\"@type\":\"ListItem\",\"position\":1,\"name\":\"Home\",\"item\":\"https:\/\/art-pix.com\/de\/\"},{\"@type\":\"ListItem\",\"position\":2,\"name\":\"AGB\"}]},{\"@type\":\"WebSite\",\"@id\":\"https:\/\/art-pix.com\/de\/#website\",\"url\":\"https:\/\/art-pix.com\/de\/\",\"name\":\"Art Pix\",\"description\":\"Photography &amp; Animation Studio\",\"potentialAction\":[{\"@type\":\"SearchAction\",\"target\":{\"@type\":\"EntryPoint\",\"urlTemplate\":\"https:\/\/art-pix.com\/de\/?s={search_term_string}\"},\"query-input\":{\"@type\":\"PropertyValueSpecification\",\"valueRequired\":true,\"valueName\":\"search_term_string\"}}],\"inLanguage\":\"de\"}]}<\/script>\n<!-- \/ Yoast SEO plugin. -->","yoast_head_json":{"title":"AGB - Art Pix","robots":{"index":"index","follow":"follow","max-snippet":"max-snippet:-1","max-image-preview":"max-image-preview:large","max-video-preview":"max-video-preview:-1"},"canonical":"https:\/\/art-pix.com\/de\/agb\/","og_locale":"de_DE","og_type":"article","og_title":"AGB - Art Pix","og_description":"[vc_row][vc_column width=&#8220;1\/6&#8243;][\/vc_column][vc_column width=&#8220;4\/6&#8243;][\/vc_column][vc_column width=&#8220;1\/6&#8243;][\/vc_column][\/vc_row]","og_url":"https:\/\/art-pix.com\/de\/agb\/","og_site_name":"Art Pix","article_modified_time":"2021-06-30T16:58:44+00:00","twitter_card":"summary_large_image","twitter_misc":{"Gesch\u00e4tzte Lesezeit":"12\u00a0Minuten"},"schema":{"@context":"https:\/\/schema.org","@graph":[{"@type":"WebPage","@id":"https:\/\/art-pix.com\/de\/agb\/","url":"https:\/\/art-pix.com\/de\/agb\/","name":"AGB - Art Pix","isPartOf":{"@id":"https:\/\/art-pix.com\/de\/#website"},"datePublished":"2021-04-14T13:58:38+00:00","dateModified":"2021-06-30T16:58:44+00:00","breadcrumb":{"@id":"https:\/\/art-pix.com\/de\/agb\/#breadcrumb"},"inLanguage":"de","potentialAction":[{"@type":"ReadAction","target":["https:\/\/art-pix.com\/de\/agb\/"]}]},{"@type":"BreadcrumbList","@id":"https:\/\/art-pix.com\/de\/agb\/#breadcrumb","itemListElement":[{"@type":"ListItem","position":1,"name":"Home","item":"https:\/\/art-pix.com\/de\/"},{"@type":"ListItem","position":2,"name":"AGB"}]},{"@type":"WebSite","@id":"https:\/\/art-pix.com\/de\/#website","url":"https:\/\/art-pix.com\/de\/","name":"Art Pix","description":"Photography &amp; Animation Studio","potentialAction":[{"@type":"SearchAction","target":{"@type":"EntryPoint","urlTemplate":"https:\/\/art-pix.com\/de\/?s={search_term_string}"},"query-input":{"@type":"PropertyValueSpecification","valueRequired":true,"valueName":"search_term_string"}}],"inLanguage":"de"}]}},"_links":{"self":[{"href":"https:\/\/art-pix.com\/de\/wp-json\/wp\/v2\/pages\/57800","targetHints":{"allow":["GET"]}}],"collection":[{"href":"https:\/\/art-pix.com\/de\/wp-json\/wp\/v2\/pages"}],"about":[{"href":"https:\/\/art-pix.com\/de\/wp-json\/wp\/v2\/types\/page"}],"author":[{"embeddable":true,"href":"https:\/\/art-pix.com\/de\/wp-json\/wp\/v2\/users\/1"}],"replies":[{"embeddable":true,"href":"https:\/\/art-pix.com\/de\/wp-json\/wp\/v2\/comments?post=57800"}],"version-history":[{"count":4,"href":"https:\/\/art-pix.com\/de\/wp-json\/wp\/v2\/pages\/57800\/revisions"}],"predecessor-version":[{"id":58514,"href":"https:\/\/art-pix.com\/de\/wp-json\/wp\/v2\/pages\/57800\/revisions\/58514"}],"wp:attachment":[{"href":"https:\/\/art-pix.com\/de\/wp-json\/wp\/v2\/media?parent=57800"}],"curies":[{"name":"wp","href":"https:\/\/api.w.org\/{rel}","templated":true}]}}